{"id":411,"date":"2022-05-02T18:41:14","date_gmt":"2022-05-02T18:41:14","guid":{"rendered":"https:\/\/www.smartblueproject.com\/?page_id=411"},"modified":"2022-05-11T19:05:59","modified_gmt":"2022-05-11T19:05:59","slug":"politica-de-privacidad","status":"publish","type":"page","link":"https:\/\/www.smartblueproject.com\/?page_id=411","title":{"rendered":"Pol\u00edtica de privacidad"},"content":{"rendered":"<p>[et_pb_section fb_built=\u00bb1&#8243; _builder_version=\u00bb4.17.3&#8243; _module_preset=\u00bbdefault\u00bb global_colors_info=\u00bb{}\u00bb][et_pb_row _builder_version=\u00bb4.17.3&#8243; _module_preset=\u00bbdefault\u00bb global_colors_info=\u00bb{}\u00bb][et_pb_column type=\u00bb4_4&#8243; _builder_version=\u00bb4.17.3&#8243; _module_preset=\u00bbdefault\u00bb global_colors_info=\u00bb{}\u00bb][et_pb_menu _builder_version=\u00bb4.17.3&#8243; _module_preset=\u00bbdefault\u00bb global_colors_info=\u00bb{}\u00bb][\/et_pb_menu][\/et_pb_column][\/et_pb_row][et_pb_row _builder_version=\u00bb4.17.3&#8243; _module_preset=\u00bbdefault\u00bb global_colors_info=\u00bb{}\u00bb][et_pb_column type=\u00bb4_4&#8243; _builder_version=\u00bb4.17.3&#8243; _module_preset=\u00bbdefault\u00bb global_colors_info=\u00bb{}\u00bb][et_pb_text _builder_version=\u00bb4.17.3&#8243; _module_preset=\u00bbdefault\u00bb hover_enabled=\u00bb0&#8243; global_colors_info=\u00bb{}\u00bb sticky_enabled=\u00bb0&#8243;]<\/p>\n<div class=\"container-wrap\">\n<div class=\"container main-content\">\n<div class=\"row\">\n<h1>Pol\u00edtica de privacidad y Protecci\u00f3n de datos<\/h1>\n<p>El Consorcio para el dise\u00f1o, la construcci\u00f3n, el equipamiento y la explotaci\u00f3n de la Plataforma Oce\u00e1nica de Canarias (en adelante PLOCAN), conforme a la legislaci\u00f3n vigente en materia de Protecci\u00f3n de Datos de Car\u00e1cter Personal, pone en conocimiento de los usuarios de la p\u00e1gina web <a href=\"https:\/\/www.smartblueproject.com\/\">www.smartblueproject.com <\/a>(en adelante, \u201cla P\u00e1gina\u201d) la Pol\u00edtica de Privacidad y Protecci\u00f3n de Datos que aplicar\u00e1 en el tratamiento de los datos personales que el Usuario facilite voluntariamente al acceder a su web.<\/p>\n<p>El Usuario, al proporcionar a PLOCAN sus datos de car\u00e1cter personal a trav\u00e9s de los formularios electr\u00f3nicos de la Web y apartado de contacto y, en su caso, a trav\u00e9s de la marcaci\u00f3n de la correspondiente casilla de aceptaci\u00f3n, consiente expresamente que PLOCAN pueda tratar esos datos en los t\u00e9rminos de esta cl\u00e1usula de Pol\u00edtica de Privacidad y Protecci\u00f3n de Datos y para los fines aqu\u00ed expresados.<\/p>\n<p>PLOCAN pone en conocimiento de los usuarios de la P\u00e1gina, que sus datos de car\u00e1cter personal s\u00f3lo podr\u00e1n obtenerse para su tratamiento cuando sean adecuados, pertinentes y no excesivos en relaci\u00f3n con el \u00e1mbito y las finalidades determinadas, expl\u00edcitas y leg\u00edtimas para las que se hayan obtenido. Ser\u00e1n cancelados cuando hayan dejado de ser necesarios o pertinentes para dicha finalidad o cuando lo solicite el titular en el ejercicio de su derecho de cancelaci\u00f3n.<\/p>\n<p>PLOCAN manifiesta su compromiso de cumplir con la legislaci\u00f3n vigente en cada momento en materia de protecci\u00f3n de datos.<\/p>\n<p>Los datos personales facilitados ser\u00e1n tratados por PLOCAN y se utilizar\u00e1n de acuerdo con la siguiente informaci\u00f3n.<\/p>\n<p>&nbsp;<\/p>\n<div class=\"jwts_toggleControlContainer\">\n<h3>\u00bfQu\u00e9 datos de car\u00e1cter personal recabamos a trav\u00e9s de la P\u00e1gina?<\/h3>\n<\/div>\n<div class=\"jwts_toggleContent\">\n<div class=\"jwts_content\">\n<p>Podemos recabar o recibir sus datos a trav\u00e9s de su visita a la P\u00e1gina o derivada de su interacci\u00f3n con nosotros mediante la cumplimentaci\u00f3n y posterior env\u00edo del formulario de contacto o derivada de su interacci\u00f3n con nosotros en las p\u00e1ginas de nuestros perfiles en las redes sociales identificadas en la P\u00e1gina.<\/p>\n<p>En algunos casos, los datos de car\u00e1cter personal son facilitados directamente por el usuario al suscribirse a nuestra Newsletter o bolet\u00edn de noticias, cuando contacta con nosotros a trav\u00e9s de los canales habilitados, responde a encuestas, se suscribe a nuestros perfiles de redes sociales o interact\u00faa con nosotros a trav\u00e9s de dichos perfiles mediante comentarios, opiniones o compartiendo los contenidos publicados en cada perfil.En otros casos, los datos de car\u00e1cter personal se obtienen de manera indirecta del usuario con finalidades meramente estad\u00edsticas para poder analizar el uso que realiza de nuestra P\u00e1gina mediante el uso de cookies o facilitarle servicios de valor a\u00f1adido como el mapa de ubicaci\u00f3n de nuestras oficinas (Consulte nuestra Pol\u00edtica de Cookies). En la tabla que le mostramos a continuaci\u00f3n encontrar\u00e1 informaci\u00f3n m\u00e1s detallada sobre el tratamiento de sus datos de car\u00e1cter personal, incluy\u00e9ndose los siguientes ep\u00edgrafes:<\/p>\n<ul>\n<li>Finalidades principales: Se identifica con que finalidad necesitamos recoger sus datos, es decir, porqu\u00e9 tratamos su informaci\u00f3n.<\/li>\n<li>Legitimaci\u00f3n: Se detalla el motivo que nos habilita para poder tratar sus datos.<\/li>\n<li>Plazos de conservaci\u00f3n: Se identifica el plazo concreto de conservaci\u00f3n o los criterios que determinan dicho periodo.<\/li>\n<li>Destinatarios: Identificamos, en su caso, con qui\u00e9n compartiremos sus datos de forma leg\u00edtima.<\/li>\n<li>Derechos de los interesados: Le informamos sobre los derechos que le asisten como interesado en el tratamiento de sus datos de car\u00e1cter personal.<\/li>\n<li>Los campos del formulario de contacto marcados con un asterisco (*) incluido en la P\u00e1gina tienen la consideraci\u00f3n de campos obligatorios para poder atender su solicitud o la valoraci\u00f3n de la informaci\u00f3n que nos desee facilitar. Asimismo, si no acepta la instalaci\u00f3n de cookies no podr\u00e1 activar los servicios de anal\u00edtica de la P\u00e1gina o visualizar el mapa de ubicaci\u00f3n de nuestras oficinas.<\/li>\n<li>Los datos de contacto se conservar\u00e1n mientras se mantenga la relaci\u00f3n y no se solicite su supresi\u00f3n. En relaci\u00f3n a las cookies consulte nuestra Pol\u00edtica de Cookies para identificar la vigencia de cada cookie.<\/li>\n<li>Los datos asociados a su interacci\u00f3n en los perfiles corporativos de redes sociales se conservar\u00e1n durante el plazo que usted habilite en dicha red social a sus publicaciones.<\/li>\n<\/ul>\n<div class=\"jwts_toggleControlContainer\">\n<h3>INFORMACI\u00d3N SOBRE PROTECCI\u00d3N DE DATOS DE CAR\u00c1CTER PERSONAL<\/h3>\n<\/div>\n<div class=\"jwts_toggleContent\">\n<div class=\"jwts_content\">\n<p><b>(En cumplimiento del Reglamento UE 2016\/679 de Protecci\u00f3n de Datos)<\/b><\/p>\n<table>\n<tbody>\n<tr>\n<td>Responsable del tratamiento<\/td>\n<td>La Plataforma Oce\u00e1nica de Canarias (PLOCAN)<br \/>NIF: Q3500385D,<br \/>Direcci\u00f3n: Carretera de Taliarte, s\/n, 35200, Telde, Gran Canaria. Tel\u00e9fono:<br \/>+34928134414<br \/>e-mail:\u00a0<span id=\"cloak7b910992c6f9d5bfb8c888d457105ad8\"><a href=\"mailto:info@plocan.eu\">info@plocan.eu<\/a><\/span><br \/>contacto DPD:\u00a0<span id=\"cloakd04aa1bf5864d65f7aea2415f647b611\"><\/span><a href=\"mailto:dpd@plocan.eu\">dpd@plocan.eu<\/a><\/td>\n<\/tr>\n<tr>\n<td>Finalidades<\/td>\n<td>\n<ul>\n<li>Formulario Contacto: atender la solicitud de informaci\u00f3n demandada a trav\u00e9s del formulario de contacto.<\/li>\n<li>Cookies: mantener el login de usuario registrado, proporcionar estad\u00edsticas asociadas al uso de la P\u00e1gina, ubicaci\u00f3n de nuestras oficinas y sistemas antispam (captcha).<\/li>\n<li>Env\u00edo de comunicaciones de naturaleza comercial- expresamente solicitadas.<\/li>\n<\/ul>\n<\/td>\n<\/tr>\n<tr>\n<td>Legitimaci\u00f3n y conservaci\u00f3n<\/td>\n<td>\n<p>La base para el tratamiento de los datos se corresponde con el consentimiento prestado por el Usuario al cumplimentar los datos, marcaci\u00f3n de la casilla de aceptaci\u00f3n y el env\u00edo del formulario o informaci\u00f3n, la suscripci\u00f3n al env\u00ed<\/p>\n<p>Los campos del formulario de contacto marcados con un asterisco (*) incluido en la P\u00e1gina tienen la consideraci\u00f3n de campos obligatorios para poder atender su solicitud o la valoraci\u00f3n de la informaci\u00f3n que nos desee facilitar. Asimismo, si no acepta la instalaci\u00f3n de cookies no podr\u00e1 activar los servicios de anal\u00edtica de la P\u00e1gina o visualizar el mapa de ubicaci\u00f3n de nuestras oficinas.<\/p>\n<p>Los datos de contacto se conservar\u00e1n mientras se mantenga la relaci\u00f3n y no se solicite su supresi\u00f3n. En relaci\u00f3n a las cookies consulte nuestra Pol\u00edtica de Cookies para identificar la vigencia de cada cookie.<\/p>\n<p>Los datos asociados a su interacci\u00f3n en los perfiles corporativos de redes sociales se conservar\u00e1n durante el plazo que usted habilite en dicha red social a sus publicaciones.<\/p>\n<\/td>\n<\/tr>\n<tr>\n<td>Destinatarios de cesiones y transferencias internacionales<\/td>\n<td>\n<p>No se han previsto cesiones de sus datos a terceros.<\/p>\n<p>esponsables de servicios de anal\u00edtica web: La P\u00e1gina tiene habilitados los servicios de Google Analytics prestados por Google LLC. La interacci\u00f3n con los usuarios por el uso de dicha herramienta implica la transferencia internacional de datos, de tipo anal\u00edtico y t\u00e9cnico en relaci\u00f3n con la P\u00e1gina. La transferencia se realiza al amparo del acuerdo EU-US Privacy Shield. \u2013 Informaci\u00f3n disponible en:\u00a0<a href=\"https:\/\/www.privacyshield.gov\/participant?id=a2zt000000001L5AAI\" target=\"_blank\" rel=\"noopener noreferrer\">https:\/\/www.privacyshield.gov\/participant?id=a2zt000000001L5AAI<\/a><\/p>\n<p>Titulares de redes sociales: PLOCAN utiliza las redes sociales Twitter, Facebook y YouTube. La interacci\u00f3n con los usuarios por el uso de dichos perfiles o herramientas implica la transferencia internacional de datos, de tipo anal\u00edtico y t\u00e9cnico en relaci\u00f3n con la P\u00e1gina y los perfiles de redes, siendo en sus servidores en los que la empresa trata los datos que los usuarios facilitan a trav\u00e9s de dichos perfiles.<\/p>\n<\/td>\n<\/tr>\n<tr>\n<td>Derechos de los interesados<\/td>\n<td>\n<p>Puede ejercitar sus derechos de acceso, rectificaci\u00f3n, supresi\u00f3n, portabilidad y la limitaci\u00f3n u oposici\u00f3n dirigi\u00e9ndose por escrito a la direcci\u00f3n indicada anteriormente.<\/p>\n<p>Los interesados tienen derecho a retirar el consentimiento prestado.<\/p>\n<p>Los interesados tienen derecho a reclamar ante la Autoridad de Control (Agencia Espa\u00f1ola de Protecci\u00f3n de Datos:\u00a0<a href=\"http:\/\/www.agpd.es\/\" target=\"_blank\" rel=\"noopener noreferrer\">www.agpd.es<\/a><\/p>\n<\/td>\n<\/tr>\n<\/tbody>\n<\/table>\n<p>El usuario ser\u00e1 el \u00fanico responsable de la veracidad de los datos facilitados a PLOCAN.<\/p>\n<p>PLOCAN adopta las medidas de \u00edndole t\u00e9cnica y organizativa necesarias para garantizar la seguridad de los datos de car\u00e1cter personal contenidos en los mismos y para evitar sualteraci\u00f3n, p\u00e9rdida, tratamiento o acceso no autorizado, habida cuenta del estado de la tecnolog\u00eda, la naturaleza de los datos y los riesgos a los que est\u00e1n expuestos.<\/p>\n<p>La P\u00e1gina dispone del Certificado SSL (Secure Socket Layer), con la finalidad de garantizar la seguridad en la transmisi\u00f3n de datos entre su navegador y nuestra P\u00e1gina.<\/p>\n<p>El servidor seguro establece una conexi\u00f3n de modo que la informaci\u00f3n se transmite cifrada, que aseguran que solo sea inteligible para el dispositivo del usuario y el de la P\u00e1gina. De este modo, al utilizar el protocolo SSL se garantiza:<\/p>\n<ul>\n<li>Que el usuario est\u00e1 comunicando sus datos al centro servidor de la P\u00e1gina y no a cualquier otro.<\/li>\n<li>Que entre el usuario y la P\u00e1gina los datos se transmiten cifrados, evitando su posible lectura o manipulaci\u00f3n por terceros.<\/li>\n<\/ul>\n<p>Para verificar que se encuentra en un entorno seguro, el Cliente debe revisar que la direcci\u00f3n de la P\u00e1gina de verificaci\u00f3n comience por https:\/\/<\/p>\n<p>Tambi\u00e9n puede identificar la P\u00e1gina como segura cuando aparezca el icono de un candado en la barra de direcci\u00f3n de su navegador.<\/p>\n<p>Por \u00faltimo, tambi\u00e9n puede verificar la presencia del certificado SSL comprobando las propiedades de la P\u00e1gina en su navegador, para lo cual deber\u00e1 consultar las caracter\u00edsticas del mismo.<\/p>\n<p>Cualquier cambio realizado en la Pol\u00edtica de Privacidad y en las pr\u00e1cticas de administraci\u00f3n de la informaci\u00f3n se reflejar\u00e1 de forma oportuna, pudiendo PLOCAN agregar, modificar o eliminar dicha pol\u00edtica de privacidad cuando lo estime necesario.<\/p>\n<p>En ning\u00fan caso PLOCAN modificar\u00e1 las pol\u00edticas ni pr\u00e1cticas para hacerlas menos eficaces en la protecci\u00f3n de los datos personales de nuestros clientes almacenados anteriormente, sin el consentimiento previo de los clientes afectados.<\/p>\n<\/div>\n<\/div>\n<\/div>\n<\/div>\n<\/div>\n<\/div>\n<\/div>\n<div id=\"footer-outer\" data-cols=\"1\" data-custom-color=\"true\" data-disable-copyright=\"false\" data-matching-section-color=\"true\" data-copyright-line=\"true\" data-using-bg-img=\"false\" data-bg-img-overlay=\"0.5\" data-full-width=\"false\" data-using-widget-area=\"true\" data-link-hover=\"default\">\n<div id=\"footer-widgets\" data-has-widgets=\"true\" data-cols=\"1\">\n<div class=\"container\">\n<div class=\"row\">\n<div class=\"col span_12\"><\/div>\n<\/div>\n<\/div>\n<\/div>\n<\/div>\n<p>[\/et_pb_text][\/et_pb_column][\/et_pb_row][\/et_pb_section]<\/p>\n","protected":false},"excerpt":{"rendered":"<p>Pol\u00edtica de privacidad y Protecci\u00f3n de datos El Consorcio para el dise\u00f1o, la construcci\u00f3n, el equipamiento y la explotaci\u00f3n de la Plataforma Oce\u00e1nica de Canarias (en adelante PLOCAN), conforme a la legislaci\u00f3n vigente en materia de Protecci\u00f3n de Datos de Car\u00e1cter Personal, pone en conocimiento de los usuarios de la p\u00e1gina web www.smartblueproject.com (en adelante, [&hellip;]<\/p>\n","protected":false},"author":1,"featured_media":0,"parent":0,"menu_order":0,"comment_status":"closed","ping_status":"closed","template":"","meta":{"_et_pb_use_builder":"on","_et_pb_old_content":"","_et_gb_content_width":""},"_links":{"self":[{"href":"https:\/\/www.smartblueproject.com\/index.php?rest_route=\/wp\/v2\/pages\/411"}],"collection":[{"href":"https:\/\/www.smartblueproject.com\/index.php?rest_route=\/wp\/v2\/pages"}],"about":[{"href":"https:\/\/www.smartblueproject.com\/index.php?rest_route=\/wp\/v2\/types\/page"}],"author":[{"embeddable":true,"href":"https:\/\/www.smartblueproject.com\/index.php?rest_route=\/wp\/v2\/users\/1"}],"replies":[{"embeddable":true,"href":"https:\/\/www.smartblueproject.com\/index.php?rest_route=%2Fwp%2Fv2%2Fcomments&post=411"}],"version-history":[{"count":6,"href":"https:\/\/www.smartblueproject.com\/index.php?rest_route=\/wp\/v2\/pages\/411\/revisions"}],"predecessor-version":[{"id":665,"href":"https:\/\/www.smartblueproject.com\/index.php?rest_route=\/wp\/v2\/pages\/411\/revisions\/665"}],"wp:attachment":[{"href":"https:\/\/www.smartblueproject.com\/index.php?rest_route=%2Fwp%2Fv2%2Fmedia&parent=411"}],"curies":[{"name":"wp","href":"https:\/\/api.w.org\/{rel}","templated":true}]}}